{"id":55,"date":"2019-05-27T13:33:18","date_gmt":"2019-05-27T13:33:18","guid":{"rendered":"https:\/\/themes.muffingroup.com\/be\/company5\/?page_id=2"},"modified":"2021-06-12T22:23:38","modified_gmt":"2021-06-12T22:23:38","slug":"home","status":"publish","type":"page","link":"https:\/\/rhein-mosel-gebaeudedienste.de\/","title":{"rendered":"START"},"content":{"rendered":"","protected":false},"excerpt":{"rendered":"","protected":false},"author":1,"featured_media":0,"parent":0,"menu_order":0,"comment_status":"closed","ping_status":"closed","template":"","meta":{"footnotes":""},"class_list":["post-55","page","type-page","status-publish","hentry"],"yoast_head":"<!-- This site is optimized with the Yoast SEO plugin v26.9 - https:\/\/yoast.com\/product\/yoast-seo-wordpress\/ -->\n<title>START - Rhein-Mosel Geb\u00e4udedienste<\/title>\n<meta name=\"robots\" content=\"index, follow, max-snippet:-1, max-image-preview:large, max-video-preview:-1\" \/>\n<link rel=\"canonical\" href=\"https:\/\/rhein-mosel-gebaeudedienste.de\/\" \/>\n<meta property=\"og:locale\" content=\"de_DE\" \/>\n<meta property=\"og:type\" content=\"article\" \/>\n<meta property=\"og:title\" content=\"START - Rhein-Mosel Geb\u00e4udedienste\" \/>\n<meta property=\"og:url\" content=\"https:\/\/rhein-mosel-gebaeudedienste.de\/\" \/>\n<meta property=\"og:site_name\" content=\"Rhein-Mosel Geb\u00e4udedienste\" \/>\n<meta property=\"article:modified_time\" content=\"2021-06-12T22:23:38+00:00\" \/>\n<meta name=\"twitter:card\" content=\"summary_large_image\" \/>\n<script type=\"application\/ld+json\" class=\"yoast-schema-graph\">{\"@context\":\"https:\/\/schema.org\",\"@graph\":[{\"@type\":\"WebPage\",\"@id\":\"https:\/\/rhein-mosel-gebaeudedienste.de\/\",\"url\":\"https:\/\/rhein-mosel-gebaeudedienste.de\/\",\"name\":\"START - Rhein-Mosel Geb\u00e4udedienste\",\"isPartOf\":{\"@id\":\"https:\/\/rhein-mosel-gebaeudedienste.de\/#website\"},\"datePublished\":\"2019-05-27T13:33:18+00:00\",\"dateModified\":\"2021-06-12T22:23:38+00:00\",\"breadcrumb\":{\"@id\":\"https:\/\/rhein-mosel-gebaeudedienste.de\/#breadcrumb\"},\"inLanguage\":\"de\",\"potentialAction\":[{\"@type\":\"ReadAction\",\"target\":[\"https:\/\/rhein-mosel-gebaeudedienste.de\/\"]}]},{\"@type\":\"BreadcrumbList\",\"@id\":\"https:\/\/rhein-mosel-gebaeudedienste.de\/#breadcrumb\",\"itemListElement\":[{\"@type\":\"ListItem\",\"position\":1,\"name\":\"Startseite\",\"item\":\"https:\/\/rhein-mosel-gebaeudedienste.de\/\"},{\"@type\":\"ListItem\",\"position\":2,\"name\":\"START\"}]},{\"@type\":\"WebSite\",\"@id\":\"https:\/\/rhein-mosel-gebaeudedienste.de\/#website\",\"url\":\"https:\/\/rhein-mosel-gebaeudedienste.de\/\",\"name\":\"Rhein-Mosel Geb\u00e4udedienste\",\"description\":\"Partner f\u00fcr Geb\u00e4udedienste\",\"publisher\":{\"@id\":\"https:\/\/rhein-mosel-gebaeudedienste.de\/#organization\"},\"potentialAction\":[{\"@type\":\"SearchAction\",\"target\":{\"@type\":\"EntryPoint\",\"urlTemplate\":\"https:\/\/rhein-mosel-gebaeudedienste.de\/?s={search_term_string}\"},\"query-input\":{\"@type\":\"PropertyValueSpecification\",\"valueRequired\":true,\"valueName\":\"search_term_string\"}}],\"inLanguage\":\"de\"},{\"@type\":\"Organization\",\"@id\":\"https:\/\/rhein-mosel-gebaeudedienste.de\/#organization\",\"name\":\"Rhein-Mosel Geb\u00e4udedienste\",\"url\":\"https:\/\/rhein-mosel-gebaeudedienste.de\/\",\"logo\":{\"@type\":\"ImageObject\",\"inLanguage\":\"de\",\"@id\":\"https:\/\/rhein-mosel-gebaeudedienste.de\/#\/schema\/logo\/image\/\",\"url\":\"https:\/\/rhein-mosel-gebaeudedienste.de\/wp-content\/uploads\/2020\/04\/cropped-Rhein_Mosel_Logo-1.png\",\"contentUrl\":\"https:\/\/rhein-mosel-gebaeudedienste.de\/wp-content\/uploads\/2020\/04\/cropped-Rhein_Mosel_Logo-1.png\",\"width\":1412,\"height\":923,\"caption\":\"Rhein-Mosel Geb\u00e4udedienste\"},\"image\":{\"@id\":\"https:\/\/rhein-mosel-gebaeudedienste.de\/#\/schema\/logo\/image\/\"}}]}<\/script>\n<!-- \/ Yoast SEO plugin. -->","yoast_head_json":{"title":"START - Rhein-Mosel Geb\u00e4udedienste","robots":{"index":"index","follow":"follow","max-snippet":"max-snippet:-1","max-image-preview":"max-image-preview:large","max-video-preview":"max-video-preview:-1"},"canonical":"https:\/\/rhein-mosel-gebaeudedienste.de\/","og_locale":"de_DE","og_type":"article","og_title":"START - Rhein-Mosel Geb\u00e4udedienste","og_url":"https:\/\/rhein-mosel-gebaeudedienste.de\/","og_site_name":"Rhein-Mosel Geb\u00e4udedienste","article_modified_time":"2021-06-12T22:23:38+00:00","twitter_card":"summary_large_image","schema":{"@context":"https:\/\/schema.org","@graph":[{"@type":"WebPage","@id":"https:\/\/rhein-mosel-gebaeudedienste.de\/","url":"https:\/\/rhein-mosel-gebaeudedienste.de\/","name":"START - Rhein-Mosel Geb\u00e4udedienste","isPartOf":{"@id":"https:\/\/rhein-mosel-gebaeudedienste.de\/#website"},"datePublished":"2019-05-27T13:33:18+00:00","dateModified":"2021-06-12T22:23:38+00:00","breadcrumb":{"@id":"https:\/\/rhein-mosel-gebaeudedienste.de\/#breadcrumb"},"inLanguage":"de","potentialAction":[{"@type":"ReadAction","target":["https:\/\/rhein-mosel-gebaeudedienste.de\/"]}]},{"@type":"BreadcrumbList","@id":"https:\/\/rhein-mosel-gebaeudedienste.de\/#breadcrumb","itemListElement":[{"@type":"ListItem","position":1,"name":"Startseite","item":"https:\/\/rhein-mosel-gebaeudedienste.de\/"},{"@type":"ListItem","position":2,"name":"START"}]},{"@type":"WebSite","@id":"https:\/\/rhein-mosel-gebaeudedienste.de\/#website","url":"https:\/\/rhein-mosel-gebaeudedienste.de\/","name":"Rhein-Mosel Geb\u00e4udedienste","description":"Partner f\u00fcr Geb\u00e4udedienste","publisher":{"@id":"https:\/\/rhein-mosel-gebaeudedienste.de\/#organization"},"potentialAction":[{"@type":"SearchAction","target":{"@type":"EntryPoint","urlTemplate":"https:\/\/rhein-mosel-gebaeudedienste.de\/?s={search_term_string}"},"query-input":{"@type":"PropertyValueSpecification","valueRequired":true,"valueName":"search_term_string"}}],"inLanguage":"de"},{"@type":"Organization","@id":"https:\/\/rhein-mosel-gebaeudedienste.de\/#organization","name":"Rhein-Mosel Geb\u00e4udedienste","url":"https:\/\/rhein-mosel-gebaeudedienste.de\/","logo":{"@type":"ImageObject","inLanguage":"de","@id":"https:\/\/rhein-mosel-gebaeudedienste.de\/#\/schema\/logo\/image\/","url":"https:\/\/rhein-mosel-gebaeudedienste.de\/wp-content\/uploads\/2020\/04\/cropped-Rhein_Mosel_Logo-1.png","contentUrl":"https:\/\/rhein-mosel-gebaeudedienste.de\/wp-content\/uploads\/2020\/04\/cropped-Rhein_Mosel_Logo-1.png","width":1412,"height":923,"caption":"Rhein-Mosel Geb\u00e4udedienste"},"image":{"@id":"https:\/\/rhein-mosel-gebaeudedienste.de\/#\/schema\/logo\/image\/"}}]}},"_links":{"self":[{"href":"https:\/\/rhein-mosel-gebaeudedienste.de\/index.php\/wp-json\/wp\/v2\/pages\/55","targetHints":{"allow":["GET"]}}],"collection":[{"href":"https:\/\/rhein-mosel-gebaeudedienste.de\/index.php\/wp-json\/wp\/v2\/pages"}],"about":[{"href":"https:\/\/rhein-mosel-gebaeudedienste.de\/index.php\/wp-json\/wp\/v2\/types\/page"}],"author":[{"embeddable":true,"href":"https:\/\/rhein-mosel-gebaeudedienste.de\/index.php\/wp-json\/wp\/v2\/users\/1"}],"replies":[{"embeddable":true,"href":"https:\/\/rhein-mosel-gebaeudedienste.de\/index.php\/wp-json\/wp\/v2\/comments?post=55"}],"version-history":[{"count":3,"href":"https:\/\/rhein-mosel-gebaeudedienste.de\/index.php\/wp-json\/wp\/v2\/pages\/55\/revisions"}],"predecessor-version":[{"id":120,"href":"https:\/\/rhein-mosel-gebaeudedienste.de\/index.php\/wp-json\/wp\/v2\/pages\/55\/revisions\/120"}],"wp:attachment":[{"href":"https:\/\/rhein-mosel-gebaeudedienste.de\/index.php\/wp-json\/wp\/v2\/media?parent=55"}],"curies":[{"name":"wp","href":"https:\/\/api.w.org\/{rel}","templated":true}]}}